{"id":78,"date":"2022-05-22T20:35:53","date_gmt":"2022-05-22T20:35:53","guid":{"rendered":"https:\/\/pelipaku.fi\/?page_id=78"},"modified":"2023-04-26T17:08:13","modified_gmt":"2023-04-26T17:08:13","slug":"mika-ihmeen-pelipaku","status":"publish","type":"page","link":"https:\/\/pelipaku.fi\/?page_id=78","title":{"rendered":"Mik\u00e4 ihmeen pelipaku?"},"content":{"rendered":"\t\t<div data-elementor-type=\"wp-page\" data-elementor-id=\"78\" class=\"elementor elementor-78\">\n\t\t\t\t\t\t\t\t\t<section class=\"elementor-section elementor-top-section elementor-element elementor-element-17cf692 elementor-section-boxed elementor-section-height-default elementor-section-height-default\" data-id=\"17cf692\" data-element_type=\"section\">\n\t\t\t\t\t\t<div class=\"elementor-container elementor-column-gap-default\">\n\t\t\t\t\t<div class=\"elementor-column elementor-col-100 elementor-top-column elementor-element elementor-element-c705738\" data-id=\"c705738\" data-element_type=\"column\">\n\t\t\t<div class=\"elementor-widget-wrap elementor-element-populated\">\n\t\t\t\t\t\t\t\t<div class=\"elementor-element elementor-element-cadea6b elementor-widget elementor-widget-image\" data-id=\"cadea6b\" data-element_type=\"widget\" data-widget_type=\"image.default\">\n\t\t\t\t<div class=\"elementor-widget-container\">\n\t\t\t<style>\/*! elementor - v3.6.5 - 27-04-2022 *\/\n.elementor-widget-image{text-align:center}.elementor-widget-image a{display:inline-block}.elementor-widget-image a img[src$=\".svg\"]{width:48px}.elementor-widget-image img{vertical-align:middle;display:inline-block}<\/style>\t\t\t\t\t\t\t\t\t\t\t\t<img loading=\"lazy\" decoding=\"async\" width=\"1024\" height=\"815\" src=\"https:\/\/pelipaku.fi\/wp-content\/uploads\/2022\/05\/pelipaku_banner@2x-1024x815.png\" class=\"attachment-large size-large\" alt=\"\" srcset=\"https:\/\/pelipaku.fi\/wp-content\/uploads\/2022\/05\/pelipaku_banner@2x-1024x815.png 1024w, https:\/\/pelipaku.fi\/wp-content\/uploads\/2022\/05\/pelipaku_banner@2x-300x239.png 300w, https:\/\/pelipaku.fi\/wp-content\/uploads\/2022\/05\/pelipaku_banner@2x-768x611.png 768w, https:\/\/pelipaku.fi\/wp-content\/uploads\/2022\/05\/pelipaku_banner@2x-1536x1222.png 1536w, https:\/\/pelipaku.fi\/wp-content\/uploads\/2022\/05\/pelipaku_banner@2x-2048x1630.png 2048w\" sizes=\"auto, (max-width: 1024px) 100vw, 1024px\" \/>\t\t\t\t\t\t\t\t\t\t\t\t\t\t\t<\/div>\n\t\t\t\t<\/div>\n\t\t\t\t<div class=\"elementor-element elementor-element-d63a513 elementor-widget elementor-widget-text-editor\" data-id=\"d63a513\" data-element_type=\"widget\" data-widget_type=\"text-editor.default\">\n\t\t\t\t<div class=\"elementor-widget-container\">\n\t\t\t<style>\/*! elementor - v3.6.5 - 27-04-2022 *\/\n.elementor-widget-text-editor.elementor-drop-cap-view-stacked .elementor-drop-cap{background-color:#818a91;color:#fff}.elementor-widget-text-editor.elementor-drop-cap-view-framed .elementor-drop-cap{color:#818a91;border:3px solid;background-color:transparent}.elementor-widget-text-editor:not(.elementor-drop-cap-view-default) .elementor-drop-cap{margin-top:8px}.elementor-widget-text-editor:not(.elementor-drop-cap-view-default) .elementor-drop-cap-letter{width:1em;height:1em}.elementor-widget-text-editor .elementor-drop-cap{float:left;text-align:center;line-height:1;font-size:50px}.elementor-widget-text-editor .elementor-drop-cap-letter{display:inline-block}<\/style>\t\t\t\t<h3 style=\"text-align: center;\">Mik\u00e4 ihmeen Pelipaku?<\/h3>\t\t\t\t\t\t<\/div>\n\t\t\t\t<\/div>\n\t\t\t\t<div class=\"elementor-element elementor-element-b258337 elementor-widget elementor-widget-text-editor\" data-id=\"b258337\" data-element_type=\"widget\" data-widget_type=\"text-editor.default\">\n\t\t\t\t<div class=\"elementor-widget-container\">\n\t\t\t\t\t\t\t<p>Pelipaku on <strong><a href=\"https:\/\/sog.gg\" target=\"_blank\" rel=\"noopener\">School of Gamingin<\/a><\/strong> liikkuva esports-yksikk\u00f6. Pelipakussa on aina kaksi kuskia, jotka ovat paitsi teiden kuninkaallisia, niin my\u00f6s erityisen taitavia j\u00e4rjest\u00e4m\u00e4\u00e4n riemukkaan<b> esports-aiheisen tapahtumap\u00e4iv\u00e4n lapsille ja nuorille<\/b>. (Vanhemmatkin ovat tervetulleita! Heit\u00e4 varten Pelipakussa on mukana &#8220;vanhusparkki&#8221;, jossa j\u00e4rjestet\u00e4\u00e4n perinteinen tikkakisa!)<\/p><p>Pelipaku kiert\u00e4\u00e4 Suomea koko vuoden 2023 ja vierailee <strong><a href=\"https:\/\/pelipaku.fi\/\">eri kaupungeissa<\/a><\/strong> pohjoisesta etel\u00e4\u00e4n, id\u00e4st\u00e4 l\u00e4nteen! Yhteisty\u00f6ss\u00e4 paikkakunnan nuorisopalveluiden (tai yksityissektorin kumppaneiden) kanssa Pelipaku kokoaa kyl\u00e4n lapset ja nuoret yhteen Fortnite- ja FIFA-turnauksien pariin.<\/p><p>Pelipakun kontissa on <b>pelivehkeet ja oheistarvikkeet koko p\u00e4iv\u00e4n<\/b> (6-8h) kest\u00e4v\u00e4n turnauksen ja puuhakkaan tapahtuman j\u00e4rjest\u00e4miseen.<\/p><p>Kaikki osallistujat saavat palkinnon! Kaikki osallistujat saavat my\u00f6s kutsun Fortnite- ja Fifa-turnauksien seuraaville kierroksille, jotka j\u00e4rjestet\u00e4\u00e4n verkossa. Finaali j\u00e4rjestet\u00e4\u00e4n joulukuussa 2023).<\/p>\t\t\t\t\t\t<\/div>\n\t\t\t\t<\/div>\n\t\t\t\t<div class=\"elementor-element elementor-element-125b11c elementor-widget elementor-widget-image\" data-id=\"125b11c\" data-element_type=\"widget\" data-widget_type=\"image.default\">\n\t\t\t\t<div class=\"elementor-widget-container\">\n\t\t\t\t\t\t\t\t\t\t\t\t\t\t\t<img loading=\"lazy\" decoding=\"async\" width=\"48\" height=\"48\" src=\"https:\/\/pelipaku.fi\/wp-content\/uploads\/2022\/05\/4-retro.svg\" class=\"attachment-medium size-medium\" alt=\"\" \/>\t\t\t\t\t\t\t\t\t\t\t\t\t\t\t<\/div>\n\t\t\t\t<\/div>\n\t\t\t\t\t<\/div>\n\t\t<\/div>\n\t\t\t\t\t\t\t<\/div>\n\t\t<\/section>\n\t\t\t\t\t\t\t<\/div>\n\t\t","protected":false},"excerpt":{"rendered":"<p>Mik\u00e4 ihmeen Pelipaku? Pelipaku on School of Gamingin liikkuva esports-yksikk\u00f6. Pelipakussa on aina kaksi kuskia, jotka ovat paitsi teiden kuninkaallisia, niin my\u00f6s erityisen taitavia j\u00e4rjest\u00e4m\u00e4\u00e4n riemukkaan esports-aiheisen tapahtumap\u00e4iv\u00e4n lapsille ja nuorille. (Vanhemmatkin ovat tervetulleita! Heit\u00e4 varten Pelipakussa on mukana &#8220;vanhusparkki&#8221;, jossa j\u00e4rjestet\u00e4\u00e4n perinteinen tikkakisa!) Pelipaku kiert\u00e4\u00e4 Suomea koko vuoden 2023 ja vierailee eri kaupungeissa pohjoisesta &hellip;<\/p>\n<p class=\"read-more\"> <a class=\"\" href=\"https:\/\/pelipaku.fi\/?page_id=78\"> <span class=\"screen-reader-text\">Mik\u00e4 ihmeen pelipaku?<\/span> Read More &raquo;<\/a><\/p>\n","protected":false},"author":1,"featured_media":0,"parent":0,"menu_order":0,"comment_status":"closed","ping_status":"closed","template":"","meta":{"site-sidebar-layout":"no-sidebar","site-content-layout":"page-builder","ast-global-header-display":"","ast-main-header-display":"","ast-hfb-above-header-display":"","ast-hfb-below-header-display":"","ast-hfb-mobile-header-display":"","site-post-title":"disabled","ast-breadcrumbs-content":"","ast-featured-img":"disabled","footer-sml-layout":"","theme-transparent-header-meta":"","adv-header-id-meta":"","stick-header-meta":"","header-above-stick-meta":"","header-main-stick-meta":"","header-below-stick-meta":"","footnotes":""},"class_list":["post-78","page","type-page","status-publish","hentry"],"_links":{"self":[{"href":"https:\/\/pelipaku.fi\/index.php?rest_route=\/wp\/v2\/pages\/78","targetHints":{"allow":["GET"]}}],"collection":[{"href":"https:\/\/pelipaku.fi\/index.php?rest_route=\/wp\/v2\/pages"}],"about":[{"href":"https:\/\/pelipaku.fi\/index.php?rest_route=\/wp\/v2\/types\/page"}],"author":[{"embeddable":true,"href":"https:\/\/pelipaku.fi\/index.php?rest_route=\/wp\/v2\/users\/1"}],"replies":[{"embeddable":true,"href":"https:\/\/pelipaku.fi\/index.php?rest_route=%2Fwp%2Fv2%2Fcomments&post=78"}],"version-history":[{"count":10,"href":"https:\/\/pelipaku.fi\/index.php?rest_route=\/wp\/v2\/pages\/78\/revisions"}],"predecessor-version":[{"id":104,"href":"https:\/\/pelipaku.fi\/index.php?rest_route=\/wp\/v2\/pages\/78\/revisions\/104"}],"wp:attachment":[{"href":"https:\/\/pelipaku.fi\/index.php?rest_route=%2Fwp%2Fv2%2Fmedia&parent=78"}],"curies":[{"name":"wp","href":"https:\/\/api.w.org\/{rel}","templated":true}]}}